{"id":834,"date":"2021-09-24T15:31:03","date_gmt":"2021-09-24T08:31:03","guid":{"rendered":"https:\/\/onesme.vn\/blog\/?page_id=834"},"modified":"2022-03-15T09:40:22","modified_gmt":"2022-03-15T02:40:22","slug":"dieu-khoan-dang-ky-tai-khoan","status":"publish","type":"page","link":"https:\/\/onesme.vn\/blog\/dieu-khoan-dang-ky-tai-khoan","title":{"rendered":"\u0110i\u1ec1u kho\u1ea3n \u0111\u0103ng k\u00fd t\u00e0i kho\u1ea3n"},"content":{"rendered":"\n<p>\u0110i\u1ec1u ki\u1ec7n v\u00e0 \u0111i\u1ec1u kho\u1ea3n \u0111\u0103ng k\u00fd t\u00e0i kho\u1ea3n oneSME. <\/p>\n\n\n\n<p><strong>1. \u0110\u1ed1i t\u01b0\u1ee3ng \u00e1p d\u1ee5ng v\u00e0 ph\u1ea1m vi \u0111i\u1ec1u ch\u1ec9nh<\/strong><\/p>\n\n\n\n<p>1.1. Quy \u0111\u1ecbnh vi\u1ec7c t\u1ea1o v\u00e0 s\u1eed d\u1ee5ng t\u00e0i kho\u1ea3n oneSME c\u1ee7a kh\u00e1ch h\u00e0ng doanh nghi\u1ec7p t\u1ea1i website <a href=\"https:\/\/onesme.vn\/sme-portal\">onesme.vn<\/a> ( sau \u0111\u00e2y g\u1ecdi t\u1eaft l\u00e0 &#8220;oneSME&#8221;). <\/p>\n\n\n\n<p>1.2. \u0110\u1ed1i t\u01b0\u1ee3ng \u00e1p d\u1ee5ng: l\u00e0 c\u00e1c Kh\u00e1ch h\u00e0ng t\u1ed5 ch\u1ee9c, doanh nghi\u1ec7p c\u00f3 tr\u1ee5 s\u1edf, v\u0103n ph\u00f2ng \u1edf trong l\u00e3nh th\u1ed5 Vi\u1ec7t Nam.<\/p>\n\n\n\n<p><strong>2. \u0110\u1ecbnh ngh\u0129a<\/strong><\/p>\n\n\n\n<p>Trong \u0110i\u1ec1u Kho\u1ea3n Chung n\u00e0y, c\u00e1c t\u1eeb v\u00e0 thu\u1eadt ng\u1eef sau \u0111\u00e2y s\u1ebd c\u00f3 ngh\u0129a d\u01b0\u1edbi \u0111\u00e2y tr\u1eeb khi ng\u1eef c\u1ea3nh c\u00f3 y\u00eau c\u1ea7u kh\u00e1c:<\/p>\n\n\n\n<p><strong>2.1 B\u00ean cung c\u1ea5p d\u1ecbch v\u1ee5:<\/strong>&nbsp;T\u1ed5ng C\u00f4ng ty D\u1ecbch v\u1ee5 Vi\u1ec5n th\u00f4ng (VNPT-Vinaphone)<\/p>\n\n\n\n<p><strong>2.2 oneSME:<\/strong>&nbsp; H\u1ec7 th\u1ed1ng mua s\u1eafm c\u00e1c s\u1ea3n ph\u1ea9m d\u1ecbch v\u1ee5 Vi\u1ec5n th\u00f4ng, CNTT tr\u1ef1c tuy\u1ebfn c\u1ee7a VNPT VinaPhone d\u00e0nh cho \u0111\u1ed1i t\u01b0\u1ee3ng kh\u00e1ch h\u00e0ng t\u1ed5 ch\u1ee9c, doanh nghi\u1ec7p.<\/p>\n\n\n\n<p><strong>2.3 T\u00e0i Kho\u1ea3n oneSME<\/strong>: l\u00e0 t\u00e0i kho\u1ea3n \u0111i\u1ec7n t\u1eed tr\u00ean h\u1ec7 th\u1ed1ng c\u00f4ng ngh\u1ec7 th\u00f4ng tin c\u1ee7a B\u00ean cung c\u1ea5p d\u1ecbch v\u1ee5 do Kh\u00e1ch h\u00e0ng t\u1ea1o l\u1eadp v\u00e0 qu\u1ea3n l\u00fd th\u00f4ng qua nhi\u1ec1u h\u00ecnh th\u1ee9c kh\u00e1c nhau, bao g\u1ed3m nh\u01b0ng kh\u00f4ng gi\u1edbi h\u1ea1n b\u1edfi \u1ee9ng d\u1ee5ng tr\u00ean \u0111i\u1ec7n tho\u1ea1i di \u0111\u1ed9ng, website, v\u00e0 c\u00e1c h\u00ecnh th\u1ee9c kh\u00e1c \u0111\u1ec3 truy c\u1eadp, s\u1eed d\u1ee5ng S\u1ea3n Ph\u1ea9m\/D\u1ecbch V\u1ee5.<\/p>\n\n\n\n<p><strong>2.4Kh\u00e1ch h\u00e0ng<\/strong>:&nbsp;l\u00e0 c\u00e1c t\u1ed5 ch\u1ee9c, doanh nghi\u1ec7p c\u00f3 nhu c\u1ea7u m\u1edf v\u00e0 s\u1eed d\u1ee5ng S\u1ea3n Ph\u1ea9m\/D\u1ecbch V\u1ee5 c\u1ee7a B\u00ean cung c\u1ea5p d\u1ecbch v\u1ee5.<\/p>\n\n\n\n<p>2.5. <strong>\u0110i\u1ec3m giao d\u1ecbch<\/strong>: TTKD VNPT t\u1ec9nh\/th\u00e0nh ph\u1ed1 c\u1ee7a T\u1ed5ng C\u00f4ng ty D\u1ecbch v\u1ee5 Vi\u1ec5n th\u00f4ng; c\u00e1c \u0110\u1ea1i l\u00fd \u0111\u01b0\u1ee3c \u1ee7y quy\u1ec1n; v\u00e0 c\u00e1c \u0111\u01a1n v\u1ecb kh\u00e1c h\u1ee3p t\u00e1c v\u1edbi B\u00ean cung c\u1ea5p d\u1ecbch v\u1ee5.<\/p>\n\n\n\n<p><strong>2.6 S\u1ea3n Ph\u1ea9m\/D\u1ecbch V\u1ee5:<\/strong>&nbsp;bao g\u1ed3m d\u1ecbch v\u1ee5 \u0111\u01b0\u1ee3c th\u1ef1c hi\u1ec7n t\u1ea1i \u0110i\u1ec3m giao d\u1ecbch v\u00e0\/ho\u1eb7c c\u00e1c website onesme.vn ho\u1eb7c \u1ee8ng D\u1ee5ng \u0111i\u1ec7n tho\u1ea1i (n\u1ebfu c\u00f3).<\/p>\n\n\n\n<p><strong>2.7 Giao D\u1ecbch:&nbsp;<\/strong>l\u00e0 b\u1ea5t k\u1ef3 giao d\u1ecbch n\u00e0o c\u1ee7a Kh\u00e1ch h\u00e0ng li\u00ean quan \u0111\u1ebfn vi\u1ec7c s\u1eed d\u1ee5ng S\u1ea3n Ph\u1ea9m\/D\u1ecbch V\u1ee5 \u0111\u01b0\u1ee3c cung c\u1ea5p b\u1edfi B\u00ean cung c\u1ea5p d\u1ecbch v\u1ee5.<\/p>\n\n\n\n<p><strong>2.8&nbsp;Bi\u1ec7n Ph\u00e1p X\u00e1c Th\u1ef1c:&nbsp;<\/strong>&nbsp;l\u00e0 c\u00e1c y\u1ebfu t\u1ed1 x\u00e1c th\u1ef1c m\u00e0 B\u00ean cung c\u1ea5p d\u1ecbch v\u1ee5 s\u1eed d\u1ee5ng \u0111\u1ec3 x\u00e1c th\u1ef1c \u0111\u1ecbnh danh Kh\u00e1ch h\u00e0ng bao g\u1ed3m nh\u01b0ng kh\u00f4ng gi\u1edbi h\u1ea1n m\u1eadt kh\u1ea9u s\u1eed d\u1ee5ng m\u1ed9t l\u1ea7n (one-Time Password), m\u1eadt kh\u1ea9u, \u0111\u1eb7c \u0111i\u1ec3m sinh tr\u1eafc h\u1ecdc v\u00e0 c\u00e1c bi\u1ec7n ph\u00e1p x\u00e1c th\u1ef1c kh\u00e1c \u0111\u01b0\u1ee3c ph\u00e9p th\u1ef1c hi\u1ec7n theo Quy \u0110\u1ecbnh Ph\u00e1p Lu\u1eadt.<\/p>\n\n\n\n<p><strong>2.9 D\u1ecbch V\u1ee5 Kh\u00e1ch H\u00e0ng:&nbsp;<\/strong>ngh\u0129a l\u00e0 d\u1ecbch v\u1ee5 ch\u0103m s\u00f3c kh\u00e1ch h\u00e0ng c\u1ee7a B\u00ean cung c\u1ea5p d\u1ecbch v\u1ee5, \u0111\u01b0\u1ee3c cung c\u1ea5p theo s\u1ed1 \u0111i\u1ec7n tho\u1ea1i 18001260<\/p>\n\n\n\n<p><strong>2.10 H\u1ed3 S\u01a1 M\u1edf T\u00e0i Kho\u1ea3n oneSME:&nbsp;<\/strong>l\u00e0 c\u00e1c gi\u1ea5y t\u1edd, th\u00f4ng tin c\u1ee7a ph\u00e1p nh\u00e2n ph\u1ea3i cung c\u1ea5p theo quy \u0111\u1ecbnh c\u1ee7a ph\u00e1p lu\u1eadt v\u00e0 y\u00eau c\u1ea7u c\u1ee7a B\u00ean cung c\u1ea5p d\u1ecbch v\u1ee5, bao g\u1ed3m nh\u01b0ng kh\u00f4ng gi\u1edbi h\u1ea1n:<\/p>\n\n\n\n<p>a. T\u1ed5 ch\u1ee9c:&nbsp;t\u00ean giao d\u1ecbch vi\u1ebft t\u1eaft v\u00e0 \u0111\u1ea7y \u0111\u1ee7; m\u00e3 s\u1ed1 doanh nghi\u1ec7p; m\u00e3 s\u1ed1 thu\u1ebf; tr\u1ee5 s\u1edf ch\u00ednh; \u0111\u1ecba ch\u1ec9 giao d\u1ecbch; s\u1ed1 \u0111i\u1ec7n tho\u1ea1i; ng\u01b0\u1eddi \u0111\u1ea1i di\u1ec7n h\u1ee3p ph\u00e1p;<\/p>\n\n\n\n<p>b. H\u1ed3 S\u01a1 M\u1edf T\u00e0i Kho\u1ea3n oneSME s\u1ebd \u0111\u01b0\u1ee3c B\u00ean cung c\u1ea5p d\u1ecbch v\u1ee5 c\u1eadp nh\u1eadt theo quy \u0111\u1ecbnh c\u1ee7a ph\u00e1p lu\u1eadt v\u00e0 y\u00eau c\u1ea7u ph\u00f9 h\u1ee3p c\u1ee7a B\u00ean cung c\u1ea5p d\u1ecbch v\u1ee5 theo t\u1eebng th\u1eddi \u0111i\u1ec3m v\u00e0 \u0111\u01b0\u1ee3c \u0111\u0103ng t\u1ea3i tr\u00ean website\/\u1ee8ng d\u1ee5ng c\u1ee7a oneSME.<\/p>\n\n\n\n<h2 class=\"wp-block-heading\"><strong>3. C\u00e1c Quy T\u1eafc Chung<\/strong><\/h2>\n\n\n\n<p><strong>3.1<\/strong> B\u1eb1ng vi\u1ec7c truy c\u1eadp website\/\u1ee9ng d\u1ee5ng oneSME, Kh\u00e1ch h\u00e0ng x\u00e1c nh\u1eadn \u0111\u00e3 hi\u1ec3u r\u00f5 c\u00e1c \u0110i\u1ec1u Kho\u1ea3n Chung v\u00e0 ho\u00e0n to\u00e0n \u0111\u1ed3ng \u00fd v\u1edbi t\u1eebng ph\u1ea7n c\u0169ng nh\u01b0 to\u00e0n b\u1ed9 c\u00e1c \u0111i\u1ec1u kho\u1ea3n v\u00e0 \u0111i\u1ec1u ki\u1ec7n \u0111\u01b0\u1ee3c quy \u0111\u1ecbnh t\u1ea1i \u0111\u00e2y, c\u0169ng nh\u01b0 b\u1ea5t k\u1ef3 c\u00e1c \u0111i\u1ec1u ch\u1ec9nh li\u00ean quan v\u00e0 ch\u1ea5p nh\u1eadn r\u1eb1ng vi\u1ec7c s\u1eed d\u1ee5ng S\u1ea3n Ph\u1ea9m\/D\u1ecbch V\u1ee5 s\u1ebd ch\u1ecbu s\u1ef1 \u0111i\u1ec1u ch\u1ec9nh c\u1ee7a nh\u1eefng \u0110i\u1ec1u Kho\u1ea3n Chung n\u00e0y.&nbsp;<\/p>\n\n\n\n<p><strong>3.2<\/strong> B\u1eb1ng vi\u1ec7c truy c\u1eadp, t\u1ea3i v\u1ec1 v\u00e0 s\u1eed d\u1ee5ng website\/\u1ee9ng d\u1ee5ng oneSME, Kh\u00e1ch h\u00e0ng th\u1eeba nh\u1eadn v\u00e0 \u0111\u1ed3ng \u00fd r\u1eb1ng \u0111\u00e3 ch\u1ea5p thu\u1eadn v\u1edbi c\u00e1c ph\u01b0\u01a1ng th\u1ee9c, y\u00eau c\u1ea7u, v\u00e0\/ho\u1eb7c ch\u00ednh s\u00e1ch \u0111\u01b0\u1ee3c quy \u0111\u1ecbnh trong \u0110i\u1ec1u Kho\u1ea3n Chung n\u00e0y, v\u00e0 r\u1eb1ng Kh\u00e1ch h\u00e0ng theo \u0111\u00e2y \u0111\u1ed3ng \u00fd cho B\u00ean cung c\u1ea5p d\u1ecbch v\u1ee5 thu th\u1eadp, s\u1eed d\u1ee5ng, ti\u1ebft l\u1ed9 v\u00e0\/ho\u1eb7c x\u1eed l\u00fd d\u1eef li\u1ec7u c\u00e1 nh\u00e2n c\u1ee7a Kh\u00e1ch h\u00e0ng nh\u01b0 \u0111\u01b0\u1ee3c m\u00f4 t\u1ea3 trong \u0110i\u1ec1u Kho\u1ea3n Chung n\u00e0y.<\/p>\n\n\n\n<p><strong>3.3<\/strong> Kh\u00e1ch h\u00e0ng s\u1ebd \u0111\u01b0\u1ee3c xem l\u00e0 \u0111\u01b0\u01a1ng nhi\u00ean ch\u1ea5p nh\u1eadn v\u00e0 ch\u1ecbu s\u1ef1 r\u00e0ng bu\u1ed9c c\u1ee7a nh\u1eefng \u0110i\u1ec1u Kho\u1ea3n Chung n\u00e0y v\u00e0 vi\u1ec7c Kh\u00e1ch h\u00e0ng d\u00f9ng m\u1ed9t ph\u1ea7n ho\u1eb7c to\u00e0n b\u1ed9 c\u00e1c S\u1ea3n Ph\u1ea9m\/D\u1ecbch V\u1ee5 tr\u00ean website\/\u1ee9ng d\u1ee5ng oneSME \u0111\u01b0\u1ee3c xem l\u00e0 gi\u1eefa Kh\u00e1ch h\u00e0ng v\u00e0 B\u00ean cung c\u1ea5p d\u1ecbch v\u1ee5 \u0111\u00e3 k\u00fd k\u1ebft v\u00e0 th\u1ef1c hi\u1ec7n m\u1ed9t H\u1ee3p \u0111\u1ed3ng d\u1ecbch v\u1ee5.&nbsp;<\/p>\n\n\n\n<p><strong>3.4<\/strong> B\u00ean cung c\u1ea5p d\u1ecbch v\u1ee5 c\u00f3 quy\u1ec1n thay \u0111\u1ed5i nh\u1eefng \u0110i\u1ec1u Kho\u1ea3n Chung n\u00e0y ho\u1eb7c b\u1ea5t k\u1ef3 t\u00ednh n\u0103ng n\u00e0o c\u1ee7a S\u1ea3n Ph\u1ea9m\/D\u1ecbch V\u1ee5 v\u00e0o b\u1ea5t k\u1ef3 th\u1eddi \u0111i\u1ec3m n\u00e0o. Thay \u0111\u1ed5i \u0111\u00f3 s\u1ebd c\u00f3 hi\u1ec7u l\u1ef1c ngay l\u1eadp t\u1ee9c sau khi c\u00f4ng b\u1ed1 thay \u0111\u1ed5i c\u1ee7a c\u00e1c \u0110i\u1ec1u Kho\u1ea3n Chung ho\u1eb7c t\u00ednh n\u0103ng t\u1ea1i website\/\u1ee9ng d\u1ee5ng oneSME.<\/p>\n\n\n\n<p><strong>3.5<\/strong> Kh\u00e1ch h\u00e0ng \u0111\u1ed3ng \u00fd \u0111\u00e1nh gi\u00e1 nh\u1eefng \u0110i\u1ec1u Kho\u1ea3n Chung n\u00e0y \u0111\u1ecbnh k\u1ef3 \u0111\u1ec3 \u0111\u1ea3m b\u1ea3o r\u1eb1ng Kh\u00e1ch h\u00e0ng \u0111\u00e3 \u0111\u01b0\u1ee3c c\u1eadp nh\u1eadt \u0111\u1ed1i v\u1edbi b\u1ea5t k\u1ef3 c\u00e1c thay \u0111\u1ed5i ho\u1eb7c s\u1eeda \u0111\u1ed5i \u0111\u1ed1i v\u1edbi nh\u1eefng \u0110i\u1ec1u Kho\u1ea3n Chung n\u00e0y. Vi\u1ec7c Kh\u00e1ch h\u00e0ng ti\u1ebfp t\u1ee5c s\u1eed d\u1ee5ng S\u1ea3n Ph\u1ea9m\/D\u1ecbch V\u1ee5 s\u1ebd \u0111\u01b0\u1ee3c xem l\u00e0 Kh\u00e1ch h\u00e0ng ch\u1ea5p nh\u1eadn ho\u00e0n to\u00e0n c\u00e1c \u0110i\u1ec1u Kho\u1ea3n Chung \u0111\u01b0\u1ee3c thay \u0111\u1ed5i.<\/p>\n\n\n\n<p><strong>3.6<\/strong> Kh\u00e1ch h\u00e0ng \u0111\u1ea3m b\u1ea3o r\u1eb1ng Kh\u00e1ch h\u00e0ng \u0111\u00e3 hi\u1ec3u r\u00f5 c\u00e1c h\u01b0\u1edbng d\u1eabn v\u00e0 quy tr\u00ecnh s\u1eed d\u1ee5ng S\u1ea3n Ph\u1ea9m\/D\u1ecbch V\u1ee5 c\u1ee7a B\u00ean cung c\u1ea5p d\u1ecbch v\u1ee5 v\u00e0 nh\u1eefng thay \u0111\u1ed5i, b\u1ed5 sung (n\u1ebfu c\u00f3) c\u1ee7a B\u00ean cung c\u1ea5p d\u1ecbch v\u1ee5.<\/p>\n\n\n\n<h2 class=\"wp-block-heading\"><strong>4. \u0110\u0103ng k\u00fd t\u00e0i kho\u1ea3n \u0111\u1ec3 s\u1eed d\u1ee5ng S\u1ea3n ph\u1ea9m\/D\u1ecbch v\u1ee5<\/strong><\/h2>\n\n\n\n<p><strong>4.1.<\/strong> \u0110\u1ec3 s\u1eed d\u1ee5ng S\u1ea3n Ph\u1ea9m\/D\u1ecbch V\u1ee5, tr\u01b0\u1edbc h\u1ebft Kh\u00e1ch h\u00e0ng c\u1ea7n truy c\u1eadp website [t\u00ean website] v\u00e0\/ ho\u1eb7c t\u1ea3i \u1ee8ng D\u1ee5ng oneSME tr\u00ean thi\u1ebft b\u1ecb di \u0111\u1ed9ng, cung c\u1ea5p H\u1ed3 S\u01a1 M\u1edf T\u00e0i Kho\u1ea3n oneSME t\u1ea1i m\u1ee5c 2.10 v\u00e0 l\u00e0m theo h\u01b0\u1edbng d\u1eabn.<\/p>\n\n\n\n<p><strong>4.2.<\/strong> Kh\u00e1ch h\u00e0ng \u0111\u1ed3ng \u00fd cung c\u1ea5p cho B\u00ean cung c\u1ea5p d\u1ecbch v\u1ee5 ho\u1eb7c c\u00e1c \u0110i\u1ec3m Giao D\u1ecbch c\u1ee7a B\u00ean cung c\u1ea5p d\u1ecbch v\u1ee5 c\u00e1c th\u00f4ng tin \u0111\u1ea7y \u0111\u1ee7, c\u1eadp nh\u1eadt v\u00e0 ch\u00ednh x\u00e1c li\u00ean quan \u0111\u1ebfn Kh\u00e1ch h\u00e0ng m\u00e0 B\u00ean cung c\u1ea5p d\u1ecbch v\u1ee5 s\u1ebd y\u00eau c\u1ea7u v\u00e0o t\u1eebng th\u1eddi \u0111i\u1ec3m \u0111\u1ec3 s\u1eed d\u1ee5ng S\u1ea3n Ph\u1ea9m\/D\u1ecbch V\u1ee5. Kh\u00e1ch h\u00e0ng \u0111\u1ed3ng \u00fd th\u00f4ng b\u00e1o ngay cho B\u00ean cung c\u1ea5p d\u1ecbch v\u1ee5 ho\u1eb7c c\u00e1c \u0110i\u1ec3m Giao D\u1ecbch c\u1ee7a B\u00ean cung c\u1ea5p d\u1ecbch v\u1ee5 b\u1ea5t k\u1ef3 thay \u0111\u1ed5i n\u00e0o v\u1ec1 H\u1ed3 S\u01a1 M\u1edf T\u00e0i Kho\u1ea3n oneSME v\u00e0 c\u00e1c th\u00f4ng tin \u0111\u00e3 \u0111\u01b0\u1ee3c cung c\u1ea5p cho B\u00ean cung c\u1ea5p d\u1ecbch v\u1ee5. Kh\u00e1ch h\u00e0ng tuy\u00ean b\u1ed1 v\u00e0 b\u1ea3o \u0111\u1ea3m r\u1eb1ng c\u00e1c th\u00f4ng tin c\u1ee7a Kh\u00e1ch h\u00e0ng v\u00e0 c\u00e1c th\u00f4ng tin kh\u00e1c \u0111\u01b0\u1ee3c cung c\u1ea5p cho B\u00ean cung c\u1ea5p d\u1ecbch v\u1ee5 l\u00e0 trung th\u1ef1c v\u00e0 ch\u00ednh x\u00e1c v\u00e0 ch\u1ecbu tr\u00e1ch nhi\u1ec7m \u0111\u1ed1i v\u1edbi c\u00e1c th\u00f4ng tin \u0111\u00e3 cung c\u1ea5p tr\u00ean website\/\u1ee9ng d\u1ee5ng oneSME.<\/p>\n\n\n\n<p><strong>4.3.<\/strong> Kh\u00e1ch h\u00e0ng s\u1ebd ch\u1ecbu tr\u00e1ch nhi\u1ec7m qu\u1ea3n l\u00fd t\u00e0i kho\u1ea3n, m\u1eadt kh\u1ea9u t\u00e0i kho\u1ea3n, c\u00e1c th\u00f4ng tin li\u00ean quan \u0111\u1ebfn t\u00e0i kho\u1ea3n, Bi\u1ec7n Ph\u00e1p X\u00e1c Th\u1ef1c, th\u00f4ng tin thi\u1ebft b\u1ecb\u2026 c\u1ee7a m\u00ecnh, n\u1ebfu b\u1ecb m\u1ea5t ho\u1eb7c b\u1ecb l\u1ea5y c\u1eafp ho\u1eb7c b\u1ecb ti\u1ebft l\u1ed9 m\u1ed9t c\u00e1ch b\u1ea5t h\u1ee3p ph\u00e1p th\u00ec Kh\u00e1ch h\u00e0ng ph\u1ea3i thay \u0111\u1ed5i th\u00f4ng tin t\u00e0i kho\u1ea3n b\u1eb1ng c\u00e1ch s\u1eed d\u1ee5ng c\u00e1c c\u00f4ng c\u1ee5 \u0111\u01b0\u1ee3c c\u00e0i \u0111\u1eb7t s\u1eb5n trong website\/\u1ee9ng d\u1ee5ng oneSME v\u00e0\/ho\u1eb7c th\u00f4ng b\u00e1o ngay cho B\u00ean cung c\u1ea5p d\u1ecbch v\u1ee5 th\u00f4ng qua D\u1ecbch V\u1ee5 Kh\u00e1ch H\u00e0ng \u0111\u1ec3 t\u1ea1m ng\u1eebng T\u00e0i Kho\u1ea3n oneSME. Kh\u00e1ch h\u00e0ng s\u1ebd ho\u00e0n to\u00e0n ch\u1ecbu tr\u00e1ch nhi\u1ec7m v\u1ec1 b\u1ea5t k\u1ef3 v\u00e0 t\u1ea5t c\u1ea3 y\u00eau c\u1ea7u Giao D\u1ecbch \u0111\u00e3 x\u1ea3y ra tr\u01b0\u1edbc khi B\u00ean cung c\u1ea5p d\u1ecbch v\u1ee5 nh\u1eadn \u0111\u01b0\u1ee3c th\u00f4ng b\u00e1o \u0111\u00f3. Kh\u00e1ch h\u00e0ng l\u01b0u \u00fd r\u1eb1ng T\u00e0i Kho\u1ea3n oneSME s\u1ebd ch\u1ec9 t\u1ea1m th\u1eddi ng\u1eebng khi Kh\u00e1ch h\u00e0ng \u0111\u00e3 cung c\u1ea5p m\u1ecdi th\u00f4ng tin \u0111\u01b0\u1ee3c y\u00eau c\u1ea7u cho D\u1ecbch V\u1ee5 Kh\u00e1ch H\u00e0ng m\u00e0 D\u1ecbch V\u1ee5 Kh\u00e1ch H\u00e0ng c\u00f3 th\u1ec3 y\u00eau c\u1ea7u m\u1ed9t c\u00e1ch h\u1ee3p l\u00fd.<\/p>\n\n\n\n<h2 class=\"wp-block-heading\"><strong>5. Ti\u1ebft L\u1ed9 Th\u00f4ng Tin<\/strong><\/h2>\n\n\n\n<p><strong>5.1<\/strong> Kh\u00e1ch h\u00e0ng \u0111\u1ed3ng \u00fd r\u1eb1ng B\u00ean cung c\u1ea5p d\u1ecbch v\u1ee5 c\u00f3 th\u1ec3 thu th\u1eadp, l\u01b0u tr\u1eef, s\u1eed d\u1ee5ng v\u00e0 x\u1eed l\u00fd c\u00e1c th\u00f4ng tin v\u1ec1 H\u1ed3 S\u01a1 M\u1edf T\u00e0i Kho\u1ea3n oneSME c\u0169ng nh\u01b0 c\u00e1c th\u00f4ng tin kh\u00e1c t\u1eeb Kh\u00e1ch h\u00e0ng ho\u1eb7c c\u00e1c b\u00ean th\u1ee9 ba \u0111\u1ec3 ph\u1ee5c v\u1ee5 cho m\u1ee5c \u0111\u00edch nh\u1eadn bi\u1ebft kh\u00e1ch h\u00e0ng v\u00e0 x\u00e1c th\u1ef1c theo Quy \u0110\u1ecbnh Ph\u00e1p Lu\u1eadt. B\u00ean cung c\u1ea5p d\u1ecbch v\u1ee5 c\u0169ng c\u00f3 th\u1ec3 thu th\u1eadp, l\u01b0u tr\u1eef, s\u1eed d\u1ee5ng v\u00e0 x\u1eed l\u00fd th\u00f4ng tin c\u00e1 nh\u00e2n c\u1ee7a Kh\u00e1ch h\u00e0ng cho m\u1ee5c \u0111\u00edch nghi\u00ean c\u1ee9u v\u00e0 ph\u00e2n t\u00edch ho\u1ea1t \u0111\u1ed9ng v\u00e0 c\u1ea3i ti\u1ebfn S\u1ea3n Ph\u1ea9m\/D\u1ecbch V\u1ee5.<\/p>\n\n\n\n<p><strong>5.2<\/strong> Khi Kh\u00e1ch h\u00e0ng \u0111\u0103ng k\u00fd m\u1ed9t T\u00e0i Kho\u1ea3n oneSME \u0111\u1ec3 s\u1eed d\u1ee5ng S\u1ea3n Ph\u1ea9m\/D\u1ecbch V\u1ee5, Kh\u00e1ch h\u00e0ng hi\u1ec3u v\u00e0 \u0111\u1ed3ng \u00fd c\u1ea5p quy\u1ec1n cho B\u00ean cung c\u1ea5p d\u1ecbch v\u1ee5 thu th\u1eadp, l\u01b0u gi\u1eef, s\u1eed d\u1ee5ng v\u00e0 x\u1eed l\u00fd th\u00f4ng tin th\u00f4ng qua vi\u1ec7c truy c\u1eadp v\u00e0o c\u00e1c \u1ee9ng d\u1ee5ng sau tr\u00ean thi\u1ebft b\u1ecb di \u0111\u1ed9ng theo nh\u1eefng \u0110i\u1ec1u Kho\u1ea3n Chung n\u00e0y.<\/p>\n\n\n\n<ul class=\"wp-block-list\"><li>V\u1ecb tr\u00ed: l\u1ea5y th\u00f4ng tin v\u1ec1 v\u1ecb tr\u00ed \u0111\u1ec3 hi\u1ec7n th\u1ecb danh s\u00e1ch c\u00e1c \u0111i\u1ec3m giao d\u1ecbch g\u1ea7n nh\u1ea5t.<\/li><li>Tr\u1ea1ng th\u00e1i k\u1ebft n\u1ed1i: \u0111\u1ec3 \u0111\u1ea3m b\u1ea3o c\u00e1c t\u00ednh n\u0103ng tr\u1ef1c tuy\u1ebfn c\u1ee7a website\/\u1ee9ng d\u1ee5ng oneSME ho\u1ea1t \u0111\u1ed9ng \u0111\u00fang.<\/li><li>M\u00e1y ch\u1ee5p h\u00ecnh: cho ph\u00e9p Kh\u00e1ch h\u00e0ng d\u00f9ng \u0111\u1ec3 qu\u00e9t m\u00e3 QR.<\/li><li>Tr\u1ea1ng th\u00e1i k\u1ebft n\u1ed1i: \u0111\u1ec3 \u0111\u1ea3m b\u1ea3o c\u00e1c t\u00ednh n\u0103ng tr\u1ef1c tuy\u1ebfn c\u1ee7a \u1ee8ng D\u1ee5ng Website\/\u1ee9ng d\u1ee5ng oneSME ho\u1ea1t \u0111\u1ed9ng \u0111\u00fang.<\/li><\/ul>\n\n\n\n<p><strong>5.3<\/strong> Kh\u00e1ch h\u00e0ng ch\u1ea5p thu\u1eadn, \u1ee7y quy\u1ec1n kh\u00f4ng h\u1ee7y ngang v\u00e0 v\u00f4 \u0111i\u1ec1u ki\u1ec7n cho B\u00ean cung c\u1ea5p d\u1ecbch v\u1ee5 ti\u1ebft l\u1ed9 ho\u1eb7c c\u00f4ng b\u1ed1 c\u00e1c th\u00f4ng tin li\u00ean quan \u0111\u1ebfn Kh\u00e1ch h\u00e0ng ho\u1eb7c c\u00e1c Giao D\u1ecbch c\u1ee7a Kh\u00e1ch h\u00e0ng v\u1edbi c\u00e1c c\u00e1 nh\u00e2n ho\u1eb7c t\u1ed5 ch\u1ee9c m\u00e0 B\u00ean cung c\u1ea5p d\u1ecbch v\u1ee5 c\u00f3 th\u1ec3 \u0111\u01b0\u1ee3c y\u00eau c\u1ea7u ti\u1ebft l\u1ed9 theo b\u1ea5t k\u1ef3 Quy \u0110\u1ecbnh Ph\u00e1p Lu\u1eadt ho\u1eb7c quy \u0111\u1ecbnh n\u00e0o \u00e1p d\u1ee5ng \u0111\u1ed1i v\u1edbi B\u00ean cung c\u1ea5p d\u1ecbch v\u1ee5 ho\u1eb7c c\u0103n c\u1ee9 theo b\u1ea5t k\u1ef3 y\u00eau c\u1ea7u ho\u1eb7c l\u1ec7nh n\u00e0o c\u1ee7a b\u1ea5t k\u1ef3 c\u01a1 quan nh\u00e0 n\u01b0\u1edbc c\u00f3 th\u1ea9m quy\u1ec1n n\u00e0o ho\u1eb7c l\u1ec7nh c\u1ee7a t\u00f2a \u00e1n.&nbsp;&nbsp;<\/p>\n\n\n\n<h2 class=\"wp-block-heading\"><strong>6. An Ninh<\/strong><\/h2>\n\n\n\n<p><strong>6.1<\/strong> Kh\u00e1ch h\u00e0ng cam k\u1ebft s\u1ebd ch\u1ec9 s\u1eed d\u1ee5ng \u1ee8ng D\u1ee5ng Website\/\u1ee9ng d\u1ee5ng oneSME v\u00e0 T\u00e0i Kho\u1ea3n Website\/\u1ee9ng d\u1ee5ng oneSME cho c\u00e1c ho\u1ea1t \u0111\u1ed9ng h\u1ee3p ph\u00e1p, v\u00e0 s\u1ebd th\u00f4ng b\u00e1o ngay l\u1eadp t\u1ee9c cho B\u00ean cung c\u1ea5p d\u1ecbch v\u1ee5 v\u1ec1 (c\u00e1c) giao d\u1ecbch c\u00f3 d\u1ea5u hi\u1ec7u s\u1eed d\u1ee5ng tr\u00e1i ph\u00e9p T\u00e0i Kho\u1ea3n Website\/\u1ee9ng d\u1ee5ng oneSME c\u1ee7a Kh\u00e1ch h\u00e0ng v\u00e0\/ho\u1eb7c S\u1ea3n Ph\u1ea9m\/D\u1ecbch V\u1ee5 \u0111\u00e3 bi\u1ebft ho\u1eb7c nghi v\u1ea5n, ho\u1eb7c b\u1ea5t k\u1ef3 vi ph\u1ea1m an ninh n\u00e0o \u0111\u00e3 bi\u1ebft ho\u1eb7c nghi v\u1ea5n, k\u1ec3 c\u1ea3 vi\u1ec7c m\u1ea5t th\u00f4ng tin, l\u1ea5y c\u1eafp th\u00f4ng tin ho\u1eb7c ti\u1ebft l\u1ed9 kh\u00f4ng \u0111\u01b0\u1ee3c ph\u00e9p v\u1ec1 th\u00f4ng tin c\u00e1 nh\u00e2n ho\u1eb7c T\u00e0i Kho\u1ea3n c\u1ee7a Kh\u00e1ch h\u00e0ng.<\/p>\n\n\n\n<p><strong>6.2<\/strong> Kh\u00e1ch h\u00e0ng cam k\u1ebft kh\u00f4ng s\u1eed d\u1ee5ng, v\u00e0 kh\u00f4ng cho b\u1ea5t k\u1ef3 b\u00ean th\u1ee9 ba n\u00e0o kh\u00e1c s\u1eed d\u1ee5ng t\u00e0i Kho\u1ea3n Website\/\u1ee9ng d\u1ee5ng oneSME \u0111\u1ec3 th\u1ef1c hi\u1ec7n c\u00e1c h\u00e0nh vi x\u00e2m nh\u1eadp tr\u00e1i ph\u00e9p, t\u1ea5n c\u00f4ng h\u1ec7 th\u1ed1ng, ph\u00e1t t\u00e1n virus v\u00e0 ph\u1ea7n m\u1ec1m \u0111\u1ed9c h\u1ea1i v\u00e0 c\u00e1c h\u00e0nh vi vi ph\u1ea1m Quy \u0110\u1ecbnh Ph\u00e1p Lu\u1eadt ho\u1eb7c g\u00e2y gi\u00e1n \u0111o\u1ea1n, c\u1ea3n tr\u1edf ho\u1ea1t \u0111\u1ed9ng b\u00ecnh th\u01b0\u1eddng \u0111\u1ed1i v\u1edbi h\u1ec7 th\u1ed1ng c\u1ee7a B\u00ean cung c\u1ea5p d\u1ecbch v\u1ee5 v\u00e0 c\u00e1c \u0111\u1ed1i t\u00e1c c\u1ee7a B\u00ean cung c\u1ea5p d\u1ecbch v\u1ee5, ho\u1eb7c \u0111\u1ed1i v\u1edbi vi\u1ec7c s\u1eed d\u1ee5ng \u1ee8ng D\u1ee5ng Website\/\u1ee9ng d\u1ee5ng oneSME, T\u00e0i Kho\u1ea3n Website\/\u1ee9ng d\u1ee5ng oneSME c\u1ee7a ng\u01b0\u1eddi kh\u00e1c.<\/p>\n\n\n\n<p><strong>6.3<\/strong> Kh\u00e1ch h\u00e0ng ch\u1ecbu tr\u00e1ch nhi\u1ec7m v\u00e0 mi\u1ec5n tr\u1eeb to\u00e0n b\u1ed9 tr\u00e1ch nhi\u1ec7m cho B\u00ean cung c\u1ea5p d\u1ecbch v\u1ee5 v\u1ec1 vi\u1ec7c s\u1eed d\u1ee5ng ho\u1eb7c ho\u1ea1t \u0111\u1ed9ng tr\u00ean T\u00e0i Kho\u1ea3n Website\/\u1ee9ng d\u1ee5ng oneSME c\u1ee7a Kh\u00e1ch h\u00e0ng tr\u01b0\u1edbc ph\u00e1p lu\u1eadt. B\u1ea5t k\u1ef3 ho\u1ea1t \u0111\u1ed9ng gian l\u1eadn, l\u1eeba g\u1ea1t ho\u1eb7c ho\u1ea1t \u0111\u1ed9ng b\u1ea5t h\u1ee3p ph\u00e1p kh\u00e1c c\u00f3 th\u1ec3 l\u00e0 c\u0103n c\u1ee9 cho ph\u00e9p B\u00ean cung c\u1ea5p d\u1ecbch v\u1ee5 t\u1ea1m ng\u1eebng T\u00e0i Kho\u1ea3n Website\/\u1ee9ng d\u1ee5ng oneSME v\u00e0\/ho\u1eb7c ch\u1ea5m d\u1ee9t S\u1ea3n Ph\u1ea9m\/D\u1ecbch V\u1ee5 \u0111\u01b0\u1ee3c cung c\u1ea5p cho Kh\u00e1ch h\u00e0ng, theo to\u00e0n quy\u1ec1n quy\u1ebft \u0111\u1ecbnh c\u1ee7a B\u00ean cung c\u1ea5p d\u1ecbch v\u1ee5, v\u00e0 B\u00ean cung c\u1ea5p d\u1ecbch v\u1ee5 c\u00f3 th\u1ec3 tr\u00ecnh b\u00e1o v\u1ec1 h\u00e0nh vi c\u1ee7a Kh\u00e1ch h\u00e0ng v\u1edbi c\u00e1c c\u01a1 quan nh\u00e0 n\u01b0\u1edbc c\u00f3 th\u1ea9m quy\u1ec1n \u0111\u1ec3 xem x\u00e9t x\u1eed l\u00fd.<\/p>\n\n\n\n<p><\/p>\n","protected":false},"excerpt":{"rendered":"<p>\u0110i\u1ec1u ki\u1ec7n v\u00e0 \u0111i\u1ec1u kho\u1ea3n \u0111\u0103ng k\u00fd t\u00e0i kho\u1ea3n oneSME. 1. \u0110\u1ed1i t\u01b0\u1ee3ng \u00e1p d\u1ee5ng v\u00e0 ph\u1ea1m vi \u0111i\u1ec1u ch\u1ec9nh 1.1. Quy \u0111\u1ecbnh vi\u1ec7c t\u1ea1o v\u00e0 s\u1eed d\u1ee5ng t\u00e0i kho\u1ea3n oneSME c\u1ee7a kh\u00e1ch h\u00e0ng doanh nghi\u1ec7p t\u1ea1i website onesme.vn ( sau \u0111\u00e2y g\u1ecdi t\u1eaft l\u00e0 &#8220;oneSME&#8221;). 1.2. \u0110\u1ed1i t\u01b0\u1ee3ng \u00e1p d\u1ee5ng: l\u00e0 c\u00e1c Kh\u00e1ch h\u00e0ng [&hellip;]<\/p>\n","protected":false},"author":27,"featured_media":0,"parent":0,"menu_order":0,"comment_status":"closed","ping_status":"closed","template":"","meta":{"footnotes":""},"class_list":["post-834","page","type-page","status-publish"],"_links":{"self":[{"href":"https:\/\/onesme.vn\/blog\/wp-json\/wp\/v2\/pages\/834","targetHints":{"allow":["GET"]}}],"collection":[{"href":"https:\/\/onesme.vn\/blog\/wp-json\/wp\/v2\/pages"}],"about":[{"href":"https:\/\/onesme.vn\/blog\/wp-json\/wp\/v2\/types\/page"}],"author":[{"embeddable":true,"href":"https:\/\/onesme.vn\/blog\/wp-json\/wp\/v2\/users\/27"}],"replies":[{"embeddable":true,"href":"https:\/\/onesme.vn\/blog\/wp-json\/wp\/v2\/comments?post=834"}],"version-history":[{"count":3,"href":"https:\/\/onesme.vn\/blog\/wp-json\/wp\/v2\/pages\/834\/revisions"}],"predecessor-version":[{"id":890,"href":"https:\/\/onesme.vn\/blog\/wp-json\/wp\/v2\/pages\/834\/revisions\/890"}],"wp:attachment":[{"href":"https:\/\/onesme.vn\/blog\/wp-json\/wp\/v2\/media?parent=834"}],"curies":[{"name":"wp","href":"https:\/\/api.w.org\/{rel}","templated":true}]}}