{"id":798,"date":"2021-09-24T15:19:52","date_gmt":"2021-09-24T08:19:52","guid":{"rendered":"https:\/\/onesme.vn\/blog\/?page_id=798"},"modified":"2024-06-19T10:56:21","modified_gmt":"2024-06-19T03:56:21","slug":"dieu-khoan-dang-ky-dich-vu","status":"publish","type":"page","link":"https:\/\/onesme.vn\/blog\/dieu-khoan-dang-ky-dich-vu","title":{"rendered":"\u0110i\u1ec1u kho\u1ea3n \u0110\u0103ng k\u00fd d\u1ecbch v\u1ee5"},"content":{"rendered":"\r\n<p style=\"text-align: justify;\">\u0110\u1ec3 khai th\u00e1c th\u00f4ng tin v\u00e0 s\u1eed d\u1ee5ng c\u00e1c d\u1ecbch v\u1ee5 tr\u00ean website oneSME, kh\u00e1ch h\u00e0ng ph\u1ea3i tu\u00e2n th\u1ee7 c\u00e1c \u0111i\u1ec1u kho\u1ea3n v\u00e0 \u0111i\u1ec1u ki\u1ec7n s\u1eed d\u1ee5ng tr\u00ean website oneSME.<\/p>\r\n\r\n\r\n\r\n<p style=\"text-align: justify;\">B\u1eb1ng vi\u1ec7c s\u1eed d\u1ee5ng d\u1ecbch v\u1ee5 hay t\u1ea1o t\u00e0i kho\u1ea3n t\u1ea1i oneSME, b\u1ea1n \u0111\u00e3 ch\u1ea5p nh\u1eadn v\u00e0 \u0111\u1ed3ng \u00fd v\u1edbi nh\u1eefng \u0111i\u1ec1u kho\u1ea3n d\u1ecbch v\u1ee5 n\u00e0y.<\/p>\r\n\r\n\r\n\r\n<p style=\"text-align: justify;\">N\u1ebfu kh\u00e1ch h\u00e0ng kh\u00f4ng \u0111\u1ed3ng \u00fd v\u1edbi nh\u1eefng \u0111i\u1ec1u kho\u1ea3n d\u1ecbch v\u1ee5 n\u00e0y, vui l\u00f2ng kh\u00f4ng s\u1eed d\u1ee5ng d\u1ecbch v\u1ee5.<\/p>\r\n\r\n\r\n\r\n<p style=\"text-align: justify;\">Xin vui l\u00f2ng \u0111\u1ecdc k\u1ef9 c\u00e1c \u0111i\u1ec1u kho\u1ea3n v\u00e0 \u0111i\u1ec1u ki\u1ec7n s\u1eed d\u1ee5ng d\u01b0\u1edbi \u0111\u00e2y:<\/p>\r\n\r\n\r\n\r\n<p style=\"text-align: justify;\"><strong>1. Ph\u1ea1m vi \u0111i\u1ec1u ch\u1ec9nh v\u00e0 \u0111\u1ed1i t\u01b0\u1ee3ng \u00e1p d\u1ee5ng<\/strong><\/p>\r\n\r\n\r\n\r\n<p style=\"text-align: justify;\"><strong>1.1. Ph\u1ea1m vi \u0111i\u1ec1u ch\u1ec9nh<\/strong><\/p>\r\n\r\n\r\n\r\n<p style=\"text-align: justify;\">Quy \u0111\u1ecbnh vi\u1ec7c \u0111\u0103ng k\u00fd s\u1eed d\u1ee5ng s\u1ea3n ph\u1ea9m\/d\u1ecbch v\u1ee5 c\u1ee7a kh\u00e1ch h\u00e0ng doanh nghi\u1ec7p t\u1ea1i website <a href=\"https:\/\/onesme.vn\/sme-portal\">Onesme.vn<\/a> (sau \u0111\u00e2y g\u1ecdi t\u1eaft l\u00e0 \u201coneSME\u201d).<\/p>\r\n\r\n\r\n\r\n<p style=\"text-align: justify;\">S\u1ea3n ph\u1ea9m\/D\u1ecbch v\u1ee5 cung c\u1ea5p tr\u00ean oneSME \u0111\u01b0\u1ee3c m\u00f4 t\u1ea3 chi ti\u1ebft t\u1ea1i <a href=\"https:\/\/onesme.vn\/sme-portal\">https:\/\/onesme.vn\/<\/a><\/p>\r\n\r\n\r\n\r\n<p style=\"text-align: justify;\"><strong>1.2. \u0110\u1ed1i t\u01b0\u1ee3ng \u00e1p d\u1ee5ng<\/strong><\/p>\r\n\r\n\r\n\r\n<p style=\"text-align: justify;\">\u0110\u1ed1i t\u01b0\u1ee3ng \u00e1p d\u1ee5ng: l\u00e0 c\u00e1c kh\u00e1ch h\u00e0ng t\u1ed5 ch\u1ee9c, doanh nghi\u1ec7p c\u00f3 tr\u1ee5 s\u1edf, v\u0103n ph\u00f2ng \u1edf trong l\u00e3nh th\u1ed5 Vi\u1ec7t Nam.<\/p>\r\n\r\n\r\n\r\n<p style=\"text-align: justify;\"><strong>2. Quy\u1ec1n v\u00e0 ngh\u0129a v\u1ee5 c\u1ee7a B\u00ean cung c\u1ea5p d\u1ecbch v\u1ee5 v\u00e0 kh\u00e1ch h\u00e0ng<\/strong><\/p>\r\n\r\n\r\n\r\n<p style=\"text-align: justify;\"><strong>2.1. Quy\u1ec1n v\u00e0 ngh\u0129a v\u1ee5 c\u1ee7a B\u00ean cung c\u1ea5p d\u1ecbch v\u1ee5<\/strong><\/p>\r\n\r\n\r\n\r\n<p style=\"text-align: justify;\">&#8211; Y\u00eau c\u1ea7u kh\u00e1ch h\u00e0ng cung c\u1ea5p trung th\u1ef1c, ch\u00ednh x\u00e1c, \u0111\u1ea7y \u0111\u1ee7 c\u00e1c th\u00f4ng tin khi giao d\u1ecbch tr\u00ean website.<\/p>\r\n\r\n\r\n\r\n<p style=\"text-align: justify;\">&#8211; C\u00f3 tr\u00e1ch nhi\u1ec7m h\u1ed7 tr\u1ee3 kh\u00e1ch h\u00e0ng trong qu\u00e1 tr\u00ecnh s\u1eed d\u1ee5ng S\u1ea3n ph\u1ea9m, D\u1ecbch v\u1ee5<\/p>\r\n\r\n\r\n\r\n<p style=\"text-align: justify;\">&#8211; \u0110\u1ea3m b\u1ea3o quy\u1ec1n v\u00e0 ngh\u0129a v\u1ee5 theo h\u1ee3p \u0111\u1ed3ng cung c\u1ea5p S\u1ea3n ph\u1ea9m, D\u1ecbch v\u1ee5<\/p>\r\n\r\n\r\n\r\n<p style=\"text-align: justify;\"><strong>2.2. Quy\u1ec1n v\u00e0 ngh\u0129a v\u1ee5 c\u1ee7a kh\u00e1ch h\u00e0ng<\/strong><\/p>\r\n\r\n\r\n\r\n<p style=\"text-align: justify;\">&#8211; Kh\u00e1ch h\u00e0ng c\u00f3 th\u1ec3 truy c\u1eadp v\u00e0 s\u1eed d\u1ee5ng d\u1ecbch v\u1ee5 nh\u01b0 \u0111\u01b0\u1ee3c cung c\u1ea5p mi\u1ec5n l\u00e0 tu\u00e2n th\u1ee7 quy \u0111\u1ecbnh t\u1ea1i Th\u1ecfa thu\u1eadn n\u00e0y v\u00e0 quy \u0111\u1ecbnh c\u1ee7a ph\u00e1p lu\u1eadt hi\u1ec7n h\u00e0nh.<\/p>\r\n\r\n\r\n\r\n<p style=\"text-align: justify;\">&#8211; Kh\u00e1ch h\u00e0ng \u0111\u01b0\u1ee3c quy\u1ec1n thay \u0111\u1ed5i, b\u1ed5 sung, c\u1eadp nh\u1eadt th\u00f4ng tin c\u00e1 nh\u00e2n, th\u00f4ng tin t\u00e0i kho\u1ea3n, m\u1eadt kh\u1ea9u.<\/p>\r\n\r\n\r\n\r\n<p style=\"text-align: justify;\">&#8211; C\u00f3 quy\u1ec1n quy\u1ebft \u0111\u1ecbnh trong vi\u1ec7c cho ph\u00e9p th\u00f4ng tin c\u00e1 nh\u00e2n c\u1ee7a m\u00ecnh \u0111\u01b0\u1ee3c cung c\u1ea5p cho t\u1ed5 ch\u1ee9c, doanh nghi\u1ec7p, c\u00e1 nh\u00e2n kh\u00e1c.<\/p>\r\n\r\n\r\n\r\n<p style=\"text-align: justify;\">\u00a0&#8211; \u0110\u01b0\u1ee3c b\u1ea3o v\u1ec7 th\u00f4ng tin theo quy \u0111\u1ecbnh c\u1ee7a Ch\u00ednh s\u00e1ch b\u1ea3o m\u1eadt v\u00e0 quy \u0111\u1ecbnh c\u1ee7a ph\u00e1p lu\u1eadt hi\u1ec7n h\u00e0nh.<\/p>\r\n\r\n\r\n\r\n<p style=\"text-align: justify;\">&#8211; \u0110\u1ea3m b\u1ea3o th\u1ef1c hi\u1ec7n quy\u1ec1n v\u00e0 ngh\u0129a v\u1ee5 trong H\u1ee3p \u0111\u1ed3ng cung c\u1ea5p S\u1ea3n ph\u1ea9m\/D\u1ecbch v\u1ee5<\/p>\r\n\r\n\r\n\r\n<p style=\"text-align: justify;\"><strong>3<\/strong><strong>. Gi\u00e1 s\u1ea3n ph\u1ea9m<\/strong><\/p>\r\n\r\n\r\n\r\n<p style=\"text-align: justify;\">B\u00ean cung c\u1ea5p d\u1ecbch v\u1ee5 s\u1ebd c\u00f3 quy\u1ec1n \u00e1p d\u1ee5ng c\u01b0\u1edbc ph\u00ed d\u1ecbch v\u1ee5 \u0111\u1ed1i v\u1edbi S\u1ea3n Ph\u1ea9m\/D\u1ecbch V\u1ee5 <strong>chi ti\u1ebft bi\u1ec3u c\u01b0\u1edbc ph\u00ed xem\u00a0t\u1ea1i \u0111\u00e2y<\/strong>.<\/p>\r\n\r\n\r\n\r\n<p style=\"text-align: justify;\"><strong>4<\/strong><strong>. H\u00ecnh th\u1ee9c thanh to\u00e1n<\/strong><\/p>\r\n\r\n\r\n\r\n<p style=\"text-align: justify;\">Theo quy \u0111\u1ecbnh t\u1ea1i Quy \u0111\u1ecbnh thanh to\u00e1n<\/p>\r\n\r\n\r\n\r\n<p style=\"text-align: justify;\"><strong>5. \u0110\u1eb7t h\u00e0ng v\u00e0 X\u00e1c nh\u1eadn<\/strong><\/p>\r\n\r\n\r\n\r\n<p style=\"text-align: justify;\">Theo quy \u0111\u1ecbnh t\u1ea1i Ch\u00ednh s\u00e1ch v\u1eadn chuy\u1ec3n v\u00e0 giao nh\u1eadn<\/p>\r\n\r\n\r\n\r\n<p style=\"text-align: justify;\"><strong>6. B\u1ea3o M\u1eadt<\/strong><\/p>\r\n\r\n\r\n\r\n<p style=\"text-align: justify;\">Theo quy \u0111\u1ecbnh t\u1ea1i Ch\u00ednh s\u00e1ch b\u1ea3o m\u1eadt<\/p>\r\n\r\n\r\n\r\n<p style=\"text-align: justify;\"><strong>7. Khuy\u1ebfn m\u1ea1i<\/strong><\/p>\r\n\r\n\r\n\r\n<p style=\"text-align: justify;\">Kh\u00e1ch h\u00e0ng \u0111\u0103ng k\u00fd S\u1ea3n ph\u1ea9m\/D\u1ecbch v\u1ee5 tr\u00ean oneSME s\u1ebd \u0111\u01b0\u1ee3c h\u01b0\u1edfng c\u00e1c ch\u01b0\u01a1ng tr\u00ecnh khuy\u1ebfn m\u1ea1i \u0111\u01b0\u1ee3c \u00e1p d\u1ee5ng theo ch\u00ednh s\u00e1ch c\u1ee7a B\u00ean cung c\u1ea5p d\u1ecbch v\u1ee5.<\/p>\r\n\r\n\r\n\r\n<h2 class=\"wp-block-heading\" style=\"text-align: justify;\"><strong>8. Gi\u1edbi H\u1ea1n Tr\u00e1ch Nhi\u1ec7m<\/strong><\/h2>\r\n\r\n\r\n\r\n<p style=\"text-align: justify;\"><strong>8.1 <\/strong>Trong m\u1ecdi tr\u01b0\u1eddng h\u1ee3p B\u00ean cung c\u1ea5p d\u1ecbch v\u1ee5 (bao g\u1ed3m c\u1ea3 c\u00e1c nh\u00e2n vi\u00ean, \u0110i\u1ec3m Giao D\u1ecbch, c\u00e1n b\u1ed9 ho\u1eb7c c\u00e1c b\u00ean li\u00ean k\u1ebft c\u1ee7a B\u00ean cung c\u1ea5p d\u1ecbch v\u1ee5) s\u1ebd kh\u00f4ng ch\u1ecbu tr\u00e1ch nhi\u1ec7m \u0111\u1ed1i v\u1edbi kh\u00e1ch h\u00e0ng v\u1ec1 b\u1ea5t k\u1ef3 t\u1ed5n th\u1ea5t, thi\u1ec7t h\u1ea1i, tr\u00e1ch nhi\u1ec7m v\u00e0 chi ph\u00ed n\u00e0o theo b\u1ea5t k\u1ef3 nguy\u00ean nh\u00e2n h\u00e0nh \u0111\u1ed9ng n\u00e0o g\u00e2y ra b\u1edfi vi\u1ec7c s\u1eed d\u1ee5ng, ho\u1eb7c kh\u00f4ng c\u00f3 kh\u1ea3 n\u0103ng s\u1eed d\u1ee5ng S\u1ea3n Ph\u1ea9m\/D\u1ecbch V\u1ee5 tr\u1eeb tr\u01b0\u1eddng h\u1ee3p B\u00ean cung c\u1ea5p d\u1ecbch v\u1ee5 (bao g\u1ed3m c\u1ea3 c\u00e1c nh\u00e2n vi\u00ean, \u0110i\u1ec3m Giao D\u1ecbch, c\u00e1n b\u1ed9 ho\u1eb7c c\u00e1c b\u00ean li\u00ean k\u1ebft c\u1ee7a B\u00ean cung c\u1ea5p d\u1ecbch v\u1ee5) c\u00f3 l\u1ed7i trong vi\u1ec7c \u0111\u1ec3 x\u1ea3y ra t\u1ed5n th\u1ea5t, thi\u1ec7t h\u1ea1i.<\/p>\r\n\r\n\r\n\r\n<p style=\"text-align: justify;\"><strong>8.2<\/strong> Trong m\u1ecdi tr\u01b0\u1eddng h\u1ee3p B\u00ean cung c\u1ea5p d\u1ecbch v\u1ee5 s\u1ebd kh\u00f4ng ch\u1ecbu tr\u00e1ch nhi\u1ec7m v\u1ec1 b\u1ea5t k\u1ef3 thi\u1ec7t h\u1ea1i gi\u00e1n ti\u1ebfp, \u0111\u1eb7c bi\u1ec7t, do h\u1ec7 qu\u1ea3 ho\u1eb7c s\u1ef1 ki\u1ec7n ng\u1eabu nhi\u00ean n\u00e0o ph\u00e1t sinh ho\u1eb7c b\u1eaft ngu\u1ed3n t\u1eeb vi\u1ec7c s\u1eed d\u1ee5ng, ho\u1eb7c kh\u00f4ng c\u00f3 kh\u1ea3 n\u0103ng s\u1eed d\u1ee5ng S\u1ea3n Ph\u1ea9m\/D\u1ecbch V\u1ee5.<\/p>\r\n\r\n\r\n\r\n<p style=\"text-align: justify;\"><strong>8.3<\/strong> Trong ph\u1ea1m vi m\u00e0 Quy \u0110\u1ecbnh Ph\u00e1p Lu\u1eadt cho ph\u00e9p, kh\u00e1ch h\u00e0ng \u0111\u1ed3ng \u00fd r\u1eb1ng B\u00ean cung c\u1ea5p d\u1ecbch v\u1ee5 (bao g\u1ed3m c\u1ea3 c\u00e1c nh\u00e2n vi\u00ean, \u0110i\u1ec3m Giao D\u1ecbch, c\u00e1n b\u1ed9 ho\u1eb7c c\u00e1c b\u00ean li\u00ean k\u1ebft c\u1ee7a B\u00ean cung c\u1ea5p d\u1ecbch v\u1ee5) s\u1ebd kh\u00f4ng ch\u1ecbu tr\u00e1ch nhi\u1ec7m v\u1ec1 b\u1ea5t k\u1ef3 t\u1ed5n th\u1ea5t, thi\u1ec7t h\u1ea1i, tr\u00e1ch nhi\u1ec7m v\u00e0\/ho\u1eb7c chi ph\u00ed n\u00e0o m\u00e0 kh\u00e1ch h\u00e0ng ph\u1ea3i g\u00e1nh ch\u1ecbu do vi\u1ec7c kh\u00e1ch h\u00e0ng ho\u1eb7c m\u1ed9t b\u00ean th\u1ee9 ba kh\u00e1c truy c\u1eadp tr\u00e1i ph\u00e9p v\u00e0o m\u00e1y ch\u1ee7, giao di\u1ec7n c\u1ee7a B\u00ean cung c\u1ea5p d\u1ecbch v\u1ee5, trang Web c\u1ee7a B\u00ean cung c\u1ea5p d\u1ecbch v\u1ee5, thi\u1ebft b\u1ecb v\u00e0\/ho\u1eb7c d\u1eef li\u1ec7u c\u1ee7a Kh\u00e1ch h\u00e0ng d\u00f9 l\u00e0 v\u00f4 t\u00ecnh ho\u1eb7c b\u1eb1ng c\u00e1ch th\u1ee9c kh\u00f4ng h\u1ee3p ph\u00e1p ho\u1eb7c kh\u00f4ng \u0111\u01b0\u1ee3c ph\u00e9p nh\u01b0 x\u00e2m nh\u1eadp tr\u00e1i ph\u00e9p ho\u1eb7c c\u00e1c l\u00fd do kh\u00e1c n\u1eb1m ngo\u00e0i t\u1ea7m ki\u1ec3m so\u00e1t c\u1ee7a B\u00ean cung c\u1ea5p d\u1ecbch v\u1ee5 (v\u00ed d\u1ee5 nh\u01b0 vi r\u00fat m\u00e1y t\u00ednh).<\/p>\r\n\r\n\r\n\r\n<h2 class=\"wp-block-heading\" style=\"text-align: justify;\">9<strong>. Th\u00f4ng Tin Li\u00ean L\u1ea1c v\u00e0 Th\u00f4ng B\u00e1o<\/strong><\/h2>\r\n\r\n\r\n\r\n<p style=\"text-align: justify;\"><strong>9.1\u00a0<\/strong>Kh\u00e1ch h\u00e0ng \u0111\u1ed3ng \u00fd r\u1eb1ng B\u00ean cung c\u1ea5p d\u1ecbch v\u1ee5 ho\u1eb7c c\u00e1c b\u00ean li\u00ean k\u1ebft c\u1ee7a B\u00ean cung c\u1ea5p d\u1ecbch v\u1ee5 c\u00f3 th\u1ec3 g\u1eedi tin nh\u1eafn ho\u1eb7c g\u1ecdi \u0111i\u1ec7n tho\u1ea1i cho kh\u00e1ch h\u00e0ng th\u00f4ng qua s\u1ed1 \u0111i\u1ec7n tho\u1ea1i ho\u1eb7c th\u00f4ng b\u00e1o qua \u1ee8ng D\u1ee5ng website\/\u1ee9ng d\u1ee5ng oneSME v\u1ec1 ho\u1eb7c li\u00ean quan \u0111\u1ebfn c\u00e1c th\u00f4ng tin c\u1eadp nh\u1eadt v\u1ec1 S\u1ea3n Ph\u1ea9m\/D\u1ecbch V\u1ee5 v\u00e0 c\u00e1c s\u1ef1 ki\u1ec7n \u0111\u01b0\u1ee3c \u0111\u01b0a ra ho\u1eb7c cung c\u1ea5p b\u1edfi B\u00ean cung c\u1ea5p d\u1ecbch v\u1ee5 ho\u1eb7c c\u00e1c b\u00ean li\u00ean k\u1ebft c\u1ee7a B\u00ean cung c\u1ea5p d\u1ecbch v\u1ee5. Kh\u00e1ch h\u00e0ng \u0111\u1ed3ng \u00fd r\u1eb1ng c\u00e1c th\u00f4ng b\u00e1o \u0111\u01b0\u1ee3c g\u1eedi qua h\u00ecnh th\u1ee9c tin nh\u1eafn ho\u1eb7c cu\u1ed9c g\u1ecdi ho\u1eb7c qua \u1ee8ng D\u1ee5ng website\/\u1ee9ng d\u1ee5ng oneSME n\u00eau t\u1ea1i \u0111i\u1ec1u n\u00e0y s\u1ebd kh\u00f4ng b\u1ecb gi\u1edbi h\u1ea1n v\u1ec1 s\u1ed1 l\u01b0\u1ee3ng v\u00e0 th\u1eddi gian v\u00e0 c\u00f3 gi\u00e1 tr\u1ecb \u0111\u1ea7y \u0111\u1ee7 nh\u01b0 m\u1ed9t th\u00f4ng b\u00e1o ch\u00ednh th\u1ee9c c\u1ee7a B\u00ean cung c\u1ea5p d\u1ecbch v\u1ee5 \u0111\u1ebfn kh\u00e1ch h\u00e0ng v\u1edbi \u0111i\u1ec1u ki\u1ec7n \u0111\u1ea3m b\u1ea3o tu\u00e2n th\u1ee7 \u0111\u1ea7y \u0111\u1ee7 c\u00e1c quy \u0111\u1ecbnh c\u1ee7a ph\u00e1p lu\u1eadt.<\/p>\r\n\r\n\r\n\r\n<p style=\"text-align: justify;\">9.2 Kh\u00e1ch h\u00e0ng \u0111\u1ed3ng \u00fd r\u1eb1ng B\u00ean cung c\u1ea5p d\u1ecbch v\u1ee5 kh\u00f4ng c\u00f3 b\u1ea5t k\u1ef3 ngh\u0129a v\u1ee5 n\u00e0o trong vi\u1ec7c \u0111\u01b0a ra th\u00f4ng b\u00e1o cho kh\u00e1ch h\u00e0ng v\u1ec1 chi ti\u1ebft c\u00e1c Giao D\u1ecbch \u0111\u01b0\u1ee3c ti\u1ebfn h\u00e0nh b\u1edfi kh\u00e1ch h\u00e0ng.<\/p>\r\n\r\n\r\n\r\n<p style=\"text-align: justify;\"><strong>9.3<\/strong> M\u1ecdi th\u00f4ng b\u00e1o v\u00e0 t\u00e0i li\u1ec7u (n\u1ebfu c\u00f3) c\u1ea7n ph\u1ea3i \u0111\u01b0\u1ee3c \u0111\u01b0a ra b\u1edfi kh\u00e1ch h\u00e0ng theo nh\u1eefng \u0110i\u1ec1u Kho\u1ea3n Chung n\u00e0y cho B\u00ean cung c\u1ea5p d\u1ecbch v\u1ee5 s\u1ebd \u0111\u01b0\u1ee3c g\u1eedi cho B\u00ean cung c\u1ea5p d\u1ecbch v\u1ee5 \u0111\u1ebfn \u0111\u1ecba ch\u1ec9 tr\u1ee5 s\u1edf ho\u1eb7c th\u00f4ng qua D\u1ecbch V\u1ee5 kh\u00e1ch h\u00e0ng c\u1ee7a B\u00ean cung c\u1ea5p d\u1ecbch v\u1ee5.<\/p>\r\n\r\n\r\n\r\n<p style=\"text-align: justify;\"><strong>9.4<\/strong> T\u1ea5t c\u1ea3 c\u00e1c th\u00f4ng b\u00e1o v\u00e0 t\u00e0i li\u1ec7u (n\u1ebfu c\u00f3) c\u1ea7n g\u1eedi cho kh\u00e1ch h\u00e0ng b\u1edfi B\u00ean cung c\u1ea5p d\u1ecbch v\u1ee5 theo nh\u1eefng \u0110i\u1ec1u Kho\u1ea3n Chung n\u00e0y s\u1ebd \u0111\u01b0\u1ee3c g\u1eedi b\u1eb1ng m\u1ed9t trong nh\u1eefng ph\u01b0\u01a1ng th\u1ee9c sau \u0111\u00e2y:<\/p>\r\n\r\n\r\n\r\n<ul class=\"wp-block-list\" style=\"text-align: justify;\">\r\n<li>G\u1eedi th\u01b0 th\u01b0\u1eddng ho\u1eb7c th\u01b0 b\u1ea3o \u0111\u1ea3m \u0111\u1ebfn \u0111\u1ecba ch\u1ec9 m\u1edbi nh\u1ea5t c\u1ee7a kh\u00e1ch h\u00e0ng theo H\u1ed3 S\u01a1 M\u1edf T\u00e0i Kho\u1ea3n website\/\u1ee9ng d\u1ee5ng oneSME c\u1ee7a kh\u00e1ch h\u00e0ng t\u1ea1i B\u00ean cung c\u1ea5p d\u1ecbch v\u1ee5;<\/li>\r\n<li>G\u1eedi th\u01b0 \u0111i\u1ec7n t\u1eed \u0111\u1ebfn \u0111\u1ecba ch\u1ec9 th\u01b0 \u0111i\u1ec7n t\u1eed m\u1edbi nh\u1ea5t c\u1ee7a kh\u00e1ch h\u00e0ng theo ghi ch\u00e9p c\u1ee7a B\u00ean cung c\u1ea5p d\u1ecbch v\u1ee5;<\/li>\r\n<li>C\u00f4ng b\u1ed1 th\u00f4ng b\u00e1o ho\u1eb7c th\u00f4ng tin li\u00ean l\u1ea1c tr\u00ean trang\u00a0oneSME<\/li>\r\n<li>G\u1eedi tin nh\u1eafn (SMS) ho\u1eb7c g\u1ecdi \u0111i\u1ec7n \u0111\u1ebfn s\u1ed1 \u0111i\u1ec7n tho\u1ea1i m\u1edbi nh\u1ea5t c\u1ee7a Kh\u00e1ch h\u00e0ng theo ghi ch\u00e9p c\u1ee7a B\u00ean cung c\u1ea5p d\u1ecbch v\u1ee5.<\/li>\r\n<\/ul>\r\n\r\n\r\n\r\n<p style=\"text-align: justify;\"><strong>9.5 <\/strong>B\u1ea5t k\u1ef3 th\u00f4ng b\u00e1o ho\u1eb7c t\u00e0i li\u1ec7u ho\u1eb7c th\u01b0 t\u1eeb li\u00ean l\u1ea1c n\u00e0o \u0111\u01b0\u1ee3c xem l\u00e0 \u0111\u00e3 \u0111\u01b0\u1ee3c g\u1eedi v\u00e0 nh\u1eadn:<\/p>\r\n\r\n\r\n\r\n<ul class=\"wp-block-list\" style=\"text-align: justify;\">\r\n<li>N\u1ebfu \u0111\u01b0\u1ee3c g\u1eedi b\u1eb1ng th\u01b0 th\u01b0\u1eddng ho\u1eb7c th\u01b0 b\u1ea3o \u0111\u1ea3m, trong v\u00f2ng ba (3) Ng\u00e0y L\u00e0m Vi\u1ec7c k\u1ec3 t\u1eeb ng\u00e0y g\u1eedi;<\/li>\r\n<li>N\u1ebfu \u0111\u01b0\u1ee3c g\u1eedi b\u1eb1ng c\u00e1c h\u00ecnh th\u1ee9c kh\u00e1c \u0111\u01b0\u1ee3c quy \u0111\u1ecbnh t\u1ea1i \u0111i\u1ec1u n\u00e0y, Ng\u00e0y L\u00e0m Vi\u1ec7c sau ng\u00e0y g\u1eedi th\u00f4ng b\u00e1o ho\u1eb7c t\u00e0i li\u1ec7u \u0111\u00f3.<\/li>\r\n<\/ul>\r\n\r\n\r\n\r\n<p style=\"text-align: justify;\">B\u1eb1ng vi\u1ec7c x\u00e1c nh\u1eadn\/\u0111\u00e1nh d\u1ea5u v\u00e0o m\u1ee5c d\u01b0\u1edbi \u0111\u00e2y, kh\u00e1ch h\u00e0ng x\u00e1c nh\u1eadn \u0111\u00e3 \u0111\u1ecdc, hi\u1ec3u \u0111\u1ea7y \u0111\u1ee7 v\u00e0 \u0111\u1ed3ng \u00fd ho\u00e0n to\u00e0n v\u1edbi c\u00e1c n\u1ed9i dung c\u1ee7a \u0110i\u1ec1u Kho\u1ea3n Chung n\u00e0y.<\/p>\r\n","protected":false},"excerpt":{"rendered":"<p>\u0110\u1ec3 khai th\u00e1c th\u00f4ng tin v\u00e0 s\u1eed d\u1ee5ng c\u00e1c d\u1ecbch v\u1ee5 tr\u00ean website oneSME, kh\u00e1ch h\u00e0ng ph\u1ea3i tu\u00e2n th\u1ee7 c\u00e1c \u0111i\u1ec1u kho\u1ea3n v\u00e0 \u0111i\u1ec1u ki\u1ec7n s\u1eed d\u1ee5ng tr\u00ean website oneSME. B\u1eb1ng vi\u1ec7c s\u1eed d\u1ee5ng d\u1ecbch v\u1ee5 hay t\u1ea1o t\u00e0i kho\u1ea3n t\u1ea1i oneSME, b\u1ea1n \u0111\u00e3 ch\u1ea5p nh\u1eadn v\u00e0 \u0111\u1ed3ng \u00fd v\u1edbi nh\u1eefng \u0111i\u1ec1u kho\u1ea3n d\u1ecbch v\u1ee5 [&hellip;]<\/p>\n","protected":false},"author":27,"featured_media":0,"parent":0,"menu_order":0,"comment_status":"closed","ping_status":"closed","template":"","meta":{"footnotes":""},"class_list":["post-798","page","type-page","status-publish"],"_links":{"self":[{"href":"https:\/\/onesme.vn\/blog\/wp-json\/wp\/v2\/pages\/798","targetHints":{"allow":["GET"]}}],"collection":[{"href":"https:\/\/onesme.vn\/blog\/wp-json\/wp\/v2\/pages"}],"about":[{"href":"https:\/\/onesme.vn\/blog\/wp-json\/wp\/v2\/types\/page"}],"author":[{"embeddable":true,"href":"https:\/\/onesme.vn\/blog\/wp-json\/wp\/v2\/users\/27"}],"replies":[{"embeddable":true,"href":"https:\/\/onesme.vn\/blog\/wp-json\/wp\/v2\/comments?post=798"}],"version-history":[{"count":6,"href":"https:\/\/onesme.vn\/blog\/wp-json\/wp\/v2\/pages\/798\/revisions"}],"predecessor-version":[{"id":7824,"href":"https:\/\/onesme.vn\/blog\/wp-json\/wp\/v2\/pages\/798\/revisions\/7824"}],"wp:attachment":[{"href":"https:\/\/onesme.vn\/blog\/wp-json\/wp\/v2\/media?parent=798"}],"curies":[{"name":"wp","href":"https:\/\/api.w.org\/{rel}","templated":true}]}}