{"id":780,"date":"2021-09-24T15:09:11","date_gmt":"2021-09-24T08:09:11","guid":{"rendered":"https:\/\/onesme.vn\/blog\/?page_id=780"},"modified":"2024-06-17T13:51:44","modified_gmt":"2024-06-17T06:51:44","slug":"dieu-khoan","status":"publish","type":"page","link":"https:\/\/onesme.vn\/blog\/dieu-khoan","title":{"rendered":"\u0110i\u1ec1u kho\u1ea3n chung"},"content":{"rendered":"\r\n<div class=\"wp-block-columns is-layout-flex wp-container-core-columns-is-layout-9d6595d7 wp-block-columns-is-layout-flex\">\r\n<div class=\"wp-block-column is-layout-flow wp-block-column-is-layout-flow\" style=\"flex-basis: 100%;\">\r\n<p><a href=\"https:\/\/onesme.vn\/blog\/dieu-khoan-dang-ky-dich-vu\">\u0110i\u1ec1u kho\u1ea3n \u0111\u0103ng k\u00fd d\u1ecbch v\u1ee5<\/a><\/p>\r\n\r\n\r\n\r\n<p><a href=\"https:\/\/onesme.vn\/blog\/chinh-sach-van-chuyen-va-giao-nhan\">Ch\u00ednh s\u00e1ch v\u1eadn chuy\u1ec3n v\u00e0 giao nh\u1eadn <\/a><\/p>\r\n\r\n\r\n\r\n<p><a href=\"https:\/\/onesme.vn\/blog\/chinh-sach-bao-mat\">Ch\u00ednh s\u00e1ch b\u1ea3o m\u1eadt <\/a><\/p>\r\n\r\n\r\n\r\n<p><a href=\"https:\/\/onesme.vn\/blog\/quy-dinh-thanh-toan\">Quy \u0111\u1ecbnh thanh to\u00e1n <\/a><\/p>\r\n\r\n\r\n\r\n<p><a href=\"https:\/\/onesme.vn\/blog\/dieu-khoan-dang-ky-tai-khoan\">\u0110i\u1ec1u kho\u1ea3n \u0111\u0103ng k\u00fd t\u00e0i kho\u1ea3n<\/a><\/p>\r\n<p><a href=\"https:\/\/onesme.vn\/blog\/chinh-sach-bao-ve-du-lieu-ca-nhan\">Ch\u00ednh s\u00e1ch b\u1ea3o v\u1ec7 d\u1eef li\u1ec7u c\u00e1 nh\u00e2n<\/a><\/p>\r\n\r\n\r\n\r\n<p>&nbsp;<\/p>\r\n<\/div>\r\n<\/div>\r\n\r\n\r\n\r\n<p>&nbsp;<\/p>\r\n","protected":false},"excerpt":{"rendered":"<p>\u0110i\u1ec1u kho\u1ea3n \u0111\u0103ng k\u00fd d\u1ecbch v\u1ee5 Ch\u00ednh s\u00e1ch v\u1eadn chuy\u1ec3n v\u00e0 giao nh\u1eadn Ch\u00ednh s\u00e1ch b\u1ea3o m\u1eadt Quy \u0111\u1ecbnh thanh to\u00e1n \u0110i\u1ec1u kho\u1ea3n \u0111\u0103ng k\u00fd t\u00e0i kho\u1ea3n Ch\u00ednh s\u00e1ch b\u1ea3o v\u1ec7 d\u1eef li\u1ec7u c\u00e1 nh\u00e2n &nbsp; &nbsp;<\/p>\n","protected":false},"author":27,"featured_media":0,"parent":0,"menu_order":0,"comment_status":"closed","ping_status":"closed","template":"","meta":{"footnotes":""},"class_list":["post-780","page","type-page","status-publish"],"_links":{"self":[{"href":"https:\/\/onesme.vn\/blog\/wp-json\/wp\/v2\/pages\/780","targetHints":{"allow":["GET"]}}],"collection":[{"href":"https:\/\/onesme.vn\/blog\/wp-json\/wp\/v2\/pages"}],"about":[{"href":"https:\/\/onesme.vn\/blog\/wp-json\/wp\/v2\/types\/page"}],"author":[{"embeddable":true,"href":"https:\/\/onesme.vn\/blog\/wp-json\/wp\/v2\/users\/27"}],"replies":[{"embeddable":true,"href":"https:\/\/onesme.vn\/blog\/wp-json\/wp\/v2\/comments?post=780"}],"version-history":[{"count":16,"href":"https:\/\/onesme.vn\/blog\/wp-json\/wp\/v2\/pages\/780\/revisions"}],"predecessor-version":[{"id":7810,"href":"https:\/\/onesme.vn\/blog\/wp-json\/wp\/v2\/pages\/780\/revisions\/7810"}],"wp:attachment":[{"href":"https:\/\/onesme.vn\/blog\/wp-json\/wp\/v2\/media?parent=780"}],"curies":[{"name":"wp","href":"https:\/\/api.w.org\/{rel}","templated":true}]}}