{"id":174,"date":"2018-10-11T16:21:09","date_gmt":"2018-10-11T16:21:09","guid":{"rendered":"http:\/\/demo.apalodi.com\/kutak\/?page_id=174"},"modified":"2024-06-19T10:57:34","modified_gmt":"2024-06-19T03:57:34","slug":"about","status":"publish","type":"page","link":"https:\/\/onesme.vn\/blog\/about","title":{"rendered":"V\u1ec1 ch\u00fang t\u00f4i"},"content":{"rendered":"\r\n<p style=\"text-align: justify;\">Tr\u01b0\u1edbc nhu c\u1ea7u chuy\u1ec3n \u0111\u1ed5i s\u1ed1 c\u1ea5p thi\u1ebft t\u1eeb c\u00e1c doanh nghi\u1ec7p SME, oneSME h\u01b0\u1edbng \u0111\u1ebfn m\u1ee5c ti\u00eau k\u1ebft n\u1ed1i v\u00e0 ph\u00e1t huy s\u1ee9c m\u1ea1nh c\u1ed9ng \u0111\u1ed3ng c\u00f9ng x\u00e2y d\u1ef1ng h\u1ec7 sinh th\u00e1i d\u1ecbch v\u1ee5 chuy\u1ec3n \u0111\u1ed5i s\u1ed1 cho doanh nghi\u1ec7p SME Vi\u1ec7t Nam; \u0111\u00f3ng g\u00f3p v\u00e0o vi\u1ec7c x\u00e2y d\u1ef1ng v\u00e0 h\u00ecnh th\u00e0nh n\u1ec1n Kinh t\u1ebf s\u1ed1 qu\u1ed1c gia.<\/p>\r\n\r\n\r\n\r\n<figure class=\"wp-block-image\" style=\"text-align: justify;\"><img loading=\"lazy\" decoding=\"async\" class=\"alignnone wp-image-381 size-full\" src=\"https:\/\/onesme.vn\/blog\/wp-content\/uploads\/2021\/08\/0232_doanh_nghiep.png\" alt=\"\" width=\"1000\" height=\"609\" srcset=\"https:\/\/onesme.vn\/blog\/wp-content\/uploads\/2021\/08\/0232_doanh_nghiep.png 1000w, https:\/\/onesme.vn\/blog\/wp-content\/uploads\/2021\/08\/0232_doanh_nghiep-300x183.png 300w, https:\/\/onesme.vn\/blog\/wp-content\/uploads\/2021\/08\/0232_doanh_nghiep-768x468.png 768w\" sizes=\"auto, (max-width: 1000px) 100vw, 1000px\" \/><\/figure>\r\n\r\n\r\n\r\n<p style=\"text-align: justify;\">T\u1ea1i oneSME, VNPT gi\u1edbi thi\u1ec7u nhi\u1ec1u s\u1ea3n ph\u1ea9m, d\u1ecbch v\u1ee5 s\u1ed1 thi\u1ebft th\u1ef1c v\u1edbi doanh nghi\u1ec7p ph\u1ee5c v\u1ee5 c\u00f4ng t\u00e1c chuy\u1ec3n \u0111\u1ed5i s\u1ed1. C\u00e1c d\u1ecbch v\u1ee5\u00a0 \u0111\u01b0\u1ee3c s\u1eafp x\u1ebfp theo t\u1eebng nh\u00f3m l\u0129nh v\u1ef1c nh\u01b0 Vi\u1ec5n th\u00f4ng, CNTT, Qu\u1ea3n tr\u1ecb doanh nghi\u1ec7p, Giao d\u1ecbch \u0111i\u1ec7n t\u1eed, c\u00e1c gi\u1ea3i ph\u00e1p chuy\u00ean ng\u00e0nh cho Y t\u1ebf, Gi\u00e1o d\u1ee5c, N\u00f4ng nghi\u1ec7p, D\u01b0\u1ee3c ph\u1ea9m, Logistic, B\u00e1n l\u1ebb, Qu\u1ea3n l\u00fd kh\u00e1ch s\u1ea1n\u2026<\/p>\r\n\r\n\r\n\r\n<p style=\"text-align: justify;\">\u0110\u1ebfn v\u1edbi oneSME c\u00e1c doanh nghi\u1ec7p s\u1ebd d\u1ec5 d\u00e0ng t\u00ecm ki\u1ebfm, ch\u1ee7 \u0111\u1ed9ng l\u1ef1a ch\u1ecdn v\u00e0 t\u00edch h\u1ee3p c\u00e1c d\u1ecbch v\u1ee5, gi\u1ea3i ph\u00e1p s\u1ed1 ph\u00f9 h\u1ee3p v\u1edbi nhu c\u1ea7u c\u1ee7a doanh nghi\u1ec7p m\u00ecnh. \u0110\u1ed3ng th\u1eddi, t\u1ea5t c\u1ea3 c\u00e1c s\u1ea3n ph\u1ea9m, d\u1ecbch v\u1ee5 cung c\u1ea5p tr\u00ean n\u1ec1n t\u1ea3ng oneSME \u0111\u00e3 \u0111\u01b0\u1ee3c \u0111\u00f3ng g\u00f3i \u0111\u1ec3 ph\u00f9 h\u1ee3p v\u1edbi c\u00e1c lo\u1ea1i h\u00ecnh quy m\u00f4 doanh nghi\u1ec7p t\u1eeb si\u00eau nh\u1ecf-nh\u1ecf-v\u1eeba, gi\u00fap t\u01b0 v\u1ea5n nhanh ch\u00f3ng ch\u00ednh x\u00e1c c\u00e1c \u1ee9ng d\u1ee5ng s\u1ed1 v\u1edbi c\u00e1c quy m\u00f4 doanh nghi\u1ec7p.<\/p>\r\n\r\n\r\n\r\n<p style=\"text-align: justify;\">Kh\u00f4ng ch\u1ec9 cung c\u1ea5p th\u00f4ng tin chi ti\u1ebft v\u1ec1 c\u00e1c g\u00f3i c\u01b0\u1edbc, oneSME c\u00f2n t\u1ef1 \u0111\u1ed9ng t\u1ed5ng h\u1ee3p nhu c\u1ea7u c\u1ee7a kh\u00e1ch h\u00e0ng, t\u00ednh to\u00e1n v\u00e0 \u0111\u01b0a ra chi ph\u00ed s\u1ea3n ph\u1ea9m, c\u00e1c \u01b0u \u0111\u00e3i t\u00edch h\u1ee3p. \u0110\u1eb7c bi\u1ec7t, oneSME l\u00e0 n\u1ec1n t\u1ea3ng chuy\u1ec3n \u0111\u1ed5i s\u1ed1 \u0111\u1ea7u ti\u00ean t\u1ea1i Vi\u1ec7t Nam cung c\u1ea5p c\u00e1c s\u1ea3n ph\u1ea9m, d\u1ecbch v\u1ee5 s\u1ed1 to\u00e0n tr\u00ecnh tr\u00ean m\u00f4i tr\u01b0\u1eddng online: Kh\u00e1ch h\u00e0ng s\u1ebd nh\u1eadn \u0111\u01b0\u1ee3c ngay t\u00e0i kho\u1ea3n s\u1eed d\u1ee5ng sau khi ho\u00e0n t\u1ea5t thanh to\u00e1n.<\/p>\r\n\r\n\r\n\r\n<p style=\"text-align: justify;\">\u0110\u1ec3 h\u1ed7 tr\u1ee3 c\u00e1c doanh nghi\u1ec7p SME ti\u1ebfp c\u1eadn nhanh ch\u00f3ng v\u1edbi n\u1ec1n t\u1ea3ng chuy\u1ec3n \u0111\u1ed5i s\u1ed1 oneSME \u0111\u1ec3 v\u01b0\u1ee3t qua \u0111\u1ea1i d\u1ecbch COVID-19, VNPT \u0111ang tri\u1ec3n khai nhi\u1ec1u ch\u00ednh s\u00e1ch \u01b0u \u0111\u00e3i c\u00f3 gi\u00e1 tr\u1ecb nh\u01b0: gi\u1ea3m c\u01b0\u1edbc 10-20% m\u1ed9t s\u1ed1 d\u1ecbch v\u1ee5 s\u1ed1 thi\u1ebft y\u1ebfu cho doanh nghi\u1ec7p nh\u01b0 Ch\u1eef k\u00fd s\u1ed1, H\u00f3a \u0111\u01a1n \u0111i\u1ec7n t\u1eed, B\u1ea3o hi\u1ec3m x\u00e3 h\u1ed9i; mi\u1ec5n ph\u00ed 03 th\u00e1ng d\u1ecbch v\u1ee5 ASME; \u01b0u \u0111\u00e3i c\u01b0\u1edbc d\u1ecbch v\u1ee5 eKYC, vnFace, Zozo\u2026 \u0110\u1eb7c bi\u1ec7t khi mua c\u00e1c g\u00f3i t\u00edch h\u1ee3p d\u1ecbch v\u1ee5 SME Basic 1, Basic 2, kh\u00e1ch h\u00e0ng s\u1ebd \u0111\u01b0\u1ee3c h\u01b0\u1edfng \u01b0u \u0111\u00e3i l\u00ean t\u1edbi 60% so v\u1edbi mua c\u00e1c d\u1ecbch v\u1ee5 \u0111\u01a1n l\u1ebb. T\u1ed5ng gi\u00e1 tr\u1ecb c\u1ee7a g\u00f3i h\u1ed7 tr\u1ee3 \u0111\u1ed3ng h\u00e0nh c\u00f9ng doanh nghi\u1ec7p do VNPT tri\u1ec3n khai trong \u0111\u1ee3t n\u00e0y l\u00ean t\u1edbi g\u1ea7n 100 t\u1ef7 \u0111\u1ed3ng.<\/p>\r\n\r\n\r\n\r\n<p style=\"text-align: justify;\">oneSME \u0111\u01b0\u1ee3c nghi\u00ean c\u1ee9u, thi\u1ebft k\u1ebf v\u00e0 ph\u00e1t tri\u1ec3n b\u1edfi c\u00e1c k\u1ef9 s\u01b0 h\u00e0ng \u0111\u1ea7u c\u1ee7a VNPT, h\u1ed9i t\u1ee5 c\u00e1c n\u1ec1n t\u1ea3ng c\u00f4ng ngh\u1ec7 hi\u1ec7n \u0111\u1ea1i v\u00e0 ki\u1ebfn tr\u00fac ti\u00ean ti\u1ebfn nh\u01b0: \u0110i\u1ec7n to\u00e1n \u0111\u00e1m m\u00e2y, Ki\u1ebfn tr\u00fac d\u1ecbch v\u1ee5 nh\u1ecf &#8211; Microservices, h\u1ed3 d\u1eef li\u1ec7u &#8211; Enterprise Data Lake, Tr\u00ed tu\u1ec7 nh\u00e2n t\u1ea1o, h\u1ecdc m\u00e1y v\u00e0 c\u00e1c c\u00f4ng ngh\u1ec7 \u0111\u1ea3m b\u1ea3o an to\u00e0n b\u1ea3o m\u1eadt th\u00f4ng tin\u2026<\/p>\r\n\r\n\r\n\r\n<p style=\"text-align: justify;\">Trong th\u1eddi gian t\u1edbi, VNPT s\u1ebd ti\u1ebfp t\u1ee5c ph\u00e1t tri\u1ec3n n\u00e2ng c\u1ea5p th\u00eam c\u00e1c t\u00ednh n\u0103ng m\u1edbi gi\u00fap h\u1ed7 tr\u1ee3 m\u1ea1ng l\u01b0\u1edbi b\u00e1n h\u00e0ng, marketing, ch\u0103m s\u00f3c kh\u00e1ch h\u00e0ng, v\u1edbi m\u1ee5c ti\u00eau bi\u1ebfn oneSME tr\u1edf th\u00e0nh b\u1ec7 ph\u00f3ng \u0111\u1ec3 c\u00e1c doanh nghi\u1ec7p SME v\u01b0\u1ee3t qua r\u00e0o c\u1ea3n chuy\u1ec3n \u0111\u1ed5i s\u1ed1, ph\u00e1t tri\u1ec3n b\u1ee9t ph\u00e1, v\u01b0\u1ee3t tr\u1ed9i.<\/p>\r\n\r\n\r\n\r\n<p style=\"text-align: justify;\">\u0110\u1ec3 bi\u1ebft th\u00eam th\u00f4ng tin chi ti\u1ebft, xin vui l\u00f2ng li\u00ean h\u1ec7 hotline mi\u1ec5n ph\u00ed 18001260 ho\u1eb7c truy c\u1eadp website\u00a0<a href=\"https:\/\/onesme.vn\/\">https:\/\/onesme.vn<\/a><\/p>\r\n","protected":false},"excerpt":{"rendered":"<p>Tr\u01b0\u1edbc nhu c\u1ea7u chuy\u1ec3n \u0111\u1ed5i s\u1ed1 c\u1ea5p thi\u1ebft t\u1eeb c\u00e1c doanh nghi\u1ec7p SME, oneSME h\u01b0\u1edbng \u0111\u1ebfn m\u1ee5c ti\u00eau k\u1ebft n\u1ed1i v\u00e0 ph\u00e1t huy s\u1ee9c m\u1ea1nh c\u1ed9ng \u0111\u1ed3ng c\u00f9ng x\u00e2y d\u1ef1ng h\u1ec7 sinh th\u00e1i d\u1ecbch v\u1ee5 chuy\u1ec3n \u0111\u1ed5i s\u1ed1 cho doanh nghi\u1ec7p SME Vi\u1ec7t Nam; \u0111\u00f3ng g\u00f3p v\u00e0o vi\u1ec7c x\u00e2y d\u1ef1ng v\u00e0 h\u00ecnh th\u00e0nh n\u1ec1n Kinh [&hellip;]<\/p>\n","protected":false},"author":27,"featured_media":273,"parent":0,"menu_order":0,"comment_status":"closed","ping_status":"closed","template":"","meta":{"footnotes":""},"class_list":["post-174","page","type-page","status-publish","has-post-thumbnail"],"_links":{"self":[{"href":"https:\/\/onesme.vn\/blog\/wp-json\/wp\/v2\/pages\/174","targetHints":{"allow":["GET"]}}],"collection":[{"href":"https:\/\/onesme.vn\/blog\/wp-json\/wp\/v2\/pages"}],"about":[{"href":"https:\/\/onesme.vn\/blog\/wp-json\/wp\/v2\/types\/page"}],"author":[{"embeddable":true,"href":"https:\/\/onesme.vn\/blog\/wp-json\/wp\/v2\/users\/27"}],"replies":[{"embeddable":true,"href":"https:\/\/onesme.vn\/blog\/wp-json\/wp\/v2\/comments?post=174"}],"version-history":[{"count":4,"href":"https:\/\/onesme.vn\/blog\/wp-json\/wp\/v2\/pages\/174\/revisions"}],"predecessor-version":[{"id":7825,"href":"https:\/\/onesme.vn\/blog\/wp-json\/wp\/v2\/pages\/174\/revisions\/7825"}],"wp:featuredmedia":[{"embeddable":true,"href":"https:\/\/onesme.vn\/blog\/wp-json\/wp\/v2\/media\/273"}],"wp:attachment":[{"href":"https:\/\/onesme.vn\/blog\/wp-json\/wp\/v2\/media?parent=174"}],"curies":[{"name":"wp","href":"https:\/\/api.w.org\/{rel}","templated":true}]}}